{"id":310,"date":"2017-01-27T17:30:41","date_gmt":"2017-01-27T16:30:41","guid":{"rendered":"http:\/\/www.nyttigt.se\/nytt\/?page_id=310"},"modified":"2025-12-16T14:37:42","modified_gmt":"2025-12-16T13:37:42","slug":"nyttigt","status":"publish","type":"page","link":"https:\/\/www.nyttigt.se\/nytt\/","title":{"rendered":"nyttigt"},"content":{"rendered":"<p>H\u00e4r f\u00e5r du tips kring mat och matvaror och dess best\u00e5ndsdelar. Vi f\u00f6rklarar p\u00e5 ett enkelt s\u00e4tt begrepp som GI, fett, m\u00e4ttade och om\u00e4ttade fetter vitaminer, mineraler proteiner och aminosyror. Att \u00e4ta nyttigt handlar mycket om att \u00e4ta allsidigt. Det finns en m\u00e4ngd trendiga dieter som blommar upp, ( t.ex. gi-bantning, atkinsons diet, south beach dieten, 5-dagars dieten etc.) De \u00e4r popul\u00e4ra ett tag och faller sedan i gl\u00f6mska.<\/p>\n<p>Dock finns det n\u00e5gra f\u00e5 enkla kostregler att h\u00e5lla sig till som har visat sig h\u00e5lla i l\u00e4ngden. D\u00e5 beh\u00f6ver man inte banta f\u00f6r att sedan g\u00e5 upp i vikt igen n\u00e4r bantningskuren \u00e4r slut.<\/p>\n<p>Dessa \u00e4r att \u00e4ta mycket frukt och gr\u00f6nsaker samt fullkornprodukter och om\u00e4ttade fetter. Undvika vitt socker, vitt mj\u00f6l och h\u00e4rdat fett. Bra k\u00e4llor f\u00f6r protein \u00e4r b\u00f6nor och baljv\u00e4xter. Ris potatis och fulkornspasta f\u00f6r att f\u00e5 i sig kolhydrater och vegetabiliska oljor f\u00f6r fett.<br \/>S\u00e5 genom att kombinera sunda matvanor med en viss m\u00e4ngd motion kommer vi alla att kunna m\u00e5 b\u00e4ttre och minska risken att drabbas f\u00f6r flera sjukdomar.<\/p>\n<p>V\u00e4lj vad du vill l\u00e4sa om i toppmenyn.<\/p>\n<p><em>\u00a0<\/em><\/p>\n\n<script type=\"text\/javascript\">\n\t\tvar pusha_url = \"https:\/\/www.nyttigt.se\/nytt\/\";\n\t\tvar pusha_titel = \"nyttigt\";\n\t\tvar pusha_bakgrund = \"#FFFFFF\";\n\t\tvar pusha_nyttfonster = true;\n\t<\/script>\n\t<script src=\"http:\/\/static.pusha.se\/knapp.js\" type=\"text\/javascript\"><\/script><!-- AddThis Advanced Settings generic via filter on the_content --><!-- AddThis Share Buttons generic via filter on the_content -->","protected":false},"excerpt":{"rendered":"<p>H\u00e4r f\u00e5r du tips kring mat och matvaror och dess best\u00e5ndsdelar. Vi f\u00f6rklarar p\u00e5 ett enkelt s\u00e4tt begrepp som GI, fett, m\u00e4ttade och om\u00e4ttade fetter vitaminer, mineraler proteiner och aminosyror. Att \u00e4ta nyttigt handlar mycket om att \u00e4ta allsidigt. Det &#8230;<!-- AddThis Advanced Settings generic via filter on get_the_excerpt --><!-- AddThis Share Buttons generic via filter on get_the_excerpt --><\/p>\n","protected":false},"author":2,"featured_media":0,"parent":0,"menu_order":0,"comment_status":"closed","ping_status":"closed","template":"","meta":{"_exactmetrics_skip_tracking":false,"_exactmetrics_sitenote_active":false,"_exactmetrics_sitenote_note":"","_exactmetrics_sitenote_category":0,"footnotes":""},"class_list":["post-310","page","type-page","status-publish","hentry"],"_links":{"self":[{"href":"https:\/\/www.nyttigt.se\/nytt\/wp-json\/wp\/v2\/pages\/310","targetHints":{"allow":["GET"]}}],"collection":[{"href":"https:\/\/www.nyttigt.se\/nytt\/wp-json\/wp\/v2\/pages"}],"about":[{"href":"https:\/\/www.nyttigt.se\/nytt\/wp-json\/wp\/v2\/types\/page"}],"author":[{"embeddable":true,"href":"https:\/\/www.nyttigt.se\/nytt\/wp-json\/wp\/v2\/users\/2"}],"replies":[{"embeddable":true,"href":"https:\/\/www.nyttigt.se\/nytt\/wp-json\/wp\/v2\/comments?post=310"}],"version-history":[{"count":4,"href":"https:\/\/www.nyttigt.se\/nytt\/wp-json\/wp\/v2\/pages\/310\/revisions"}],"predecessor-version":[{"id":691,"href":"https:\/\/www.nyttigt.se\/nytt\/wp-json\/wp\/v2\/pages\/310\/revisions\/691"}],"wp:attachment":[{"href":"https:\/\/www.nyttigt.se\/nytt\/wp-json\/wp\/v2\/media?parent=310"}],"curies":[{"name":"wp","href":"https:\/\/api.w.org\/{rel}","templated":true}]}}